{"id":7099,"date":"2023-01-09T17:21:57","date_gmt":"2023-01-09T17:21:57","guid":{"rendered":"https:\/\/rally-theleague.org\/politica-de-privacidad\/"},"modified":"2023-06-28T01:46:13","modified_gmt":"2023-06-28T01:46:13","slug":"politica-de-privacidad","status":"publish","type":"page","link":"https:\/\/rally-theleague.org\/es\/politica-de-privacidad\/","title":{"rendered":"Pol\u00edtica de privacidad"},"content":{"rendered":"\n<h1 class=\"wp-block-heading\"><strong>Quienes somos<\/strong><\/h1>\n\n<p>La direcci\u00f3n de nuestro sitio web es:<a href=\"https:\/\/rally-theleague.org\/es\/\"> https:\/\/rally-theleague.org<\/a>.<\/p>\n\n<h2 class=\"wp-block-heading\"><strong>Comentarios<\/strong><\/h2>\n\n<p>Cuando los visitantes dejan comentarios en el sitio, recopilamos los datos que se muestran en el formulario de comentarios, y tambi\u00e9n la direcci\u00f3n IP del visitante y la cadena del agente de usuario del navegador para ayudar a la detecci\u00f3n de spam.<\/p>\n\n<p>Se puede proporcionar una cadena an\u00f3nima creada a partir de su direcci\u00f3n de correo electr\u00f3nico (tambi\u00e9n llamada hash) al servicio Gravatar para ver si la est\u00e1 utilizando. La pol\u00edtica de privacidad del servicio Gravatar est\u00e1 disponible aqu\u00ed: https:\/\/automattic.com\/privacy\/. Despu\u00e9s de la aprobaci\u00f3n de su comentario, su foto de perfil es visible para el p\u00fablico en el contexto de su comentario. <\/p>\n\n<h2 class=\"wp-block-heading\"><strong>Cookies<\/strong><\/h2>\n\n<p>Si deja un comentario en nuestro sitio, puede optar por guardar su nombre, direcci\u00f3n de correo electr\u00f3nico y sitio web en cookies. Estos son para su comodidad, para que no tenga que volver a rellenar sus datos cuando deje otro comentario. Estas cookies tendr\u00e1n una duraci\u00f3n de un a\u00f1o.  <\/p>\n\n<p><strong>Se incluye m\u00e1s informaci\u00f3n sobre las COOKIES hacia la parte inferior de esta p\u00e1gina.<\/strong><\/p>\n\n<h2 class=\"wp-block-heading\"><strong>Contenido incrustado de otros sitios web<\/strong><\/h2>\n\n<p>Los art\u00edculos en este sitio pueden incluir contenido incrustado (por ejemplo, videos, im\u00e1genes, art\u00edculos, etc.). El contenido incrustado de otros sitios web se comporta exactamente de la misma manera que si el visitante hubiera visitado el otro sitio web. <\/p>\n\n<p>Estos sitios web pueden recopilar datos sobre usted, usar cookies, incrustar un seguimiento adicional de terceros y monitorear su interacci\u00f3n con ese contenido incrustado, incluido el seguimiento de su interacci\u00f3n con el contenido incrustado si tiene una cuenta y ha iniciado sesi\u00f3n en ese sitio web.<\/p>\n\n<h2 class=\"wp-block-heading\"><strong>Con qui\u00e9n compartimos sus datos<\/strong><\/h2>\n\n<p>Si solicita un restablecimiento de contrase\u00f1a, su direcci\u00f3n IP se incluir\u00e1 en el correo electr\u00f3nico de restablecimiento.<\/p>\n\n<h2 class=\"wp-block-heading\"><strong>Cu\u00e1nto tiempo conservamos sus datos<\/strong><\/h2>\n\n<p>Si deja un comentario, el comentario y sus metadatos se conservan indefinidamente. Esto es para que podamos reconocer y aprobar cualquier comentario de seguimiento autom\u00e1ticamente en lugar de mantenerlos en una cola de moderaci\u00f3n. <\/p>\n\n<p>Para los usuarios que se registran en nuestro sitio web (si los hay), tambi\u00e9n almacenamos la informaci\u00f3n personal que proporcionan en su perfil de usuario. Todos los usuarios pueden ver, editar o eliminar su informaci\u00f3n personal en cualquier momento (excepto que no pueden cambiar su nombre de usuario). Los administradores del sitio web tambi\u00e9n pueden ver y editar esa informaci\u00f3n.  <\/p>\n\n<h2 class=\"wp-block-heading\"><strong>Qu\u00e9 derechos tienes sobre tus datos<\/strong><\/h2>\n\n<p>Si tiene una cuenta en este sitio o ha dejado comentarios, puede solicitar recibir un archivo exportado de los datos personales que tenemos sobre usted, incluidos los datos que nos haya proporcionado. Tambi\u00e9n puede solicitar que eliminemos cualquier dato personal que tengamos sobre usted. Esto no incluye ning\u00fan dato que estemos obligados a conservar con fines administrativos, legales o de seguridad.  <\/p>\n\n<h2 class=\"wp-block-heading\"><strong>D\u00f3nde se env\u00edan sus datos<\/strong><\/h2>\n\n<p>Los comentarios de los visitantes puede que los revise un servicio de detecci\u00f3n autom\u00e1tica de spam.<\/p>\n\n<hr class=\"wp-block-separator has-alpha-channel-opacity\"\/>\n\n<h2 class=\"wp-block-heading\"><strong>Pol\u00edtica de cookies para \u00a1Agrup\u00e9monos! (Rally!)<\/strong><\/h2>\n\n<p>Esta es la Pol\u00edtica de Cookies de \u00a1Agrup\u00e9monos! (Rally!), accesible desde <a href=\"https:\/\/rally-theleague.org\/es\/\">https:\/\/rally-theleague.org<\/a>.<\/p>\n\n<h3 class=\"wp-block-heading\"><strong>\u00bfQu\u00e9 son las cookies?<\/strong><\/h3>\n\n<p>Como es pr\u00e1ctica com\u00fan en casi todos los sitios web profesionales, este sitio utiliza cookies, que son peque\u00f1os archivos que se descargan en su computadora, para mejorar su experiencia. Esta secci\u00f3n describe qu\u00e9 informaci\u00f3n recopilan, c\u00f3mo la usamos y por qu\u00e9 a veces necesitamos almacenar estas cookies. Tambi\u00e9n compartiremos c\u00f3mo puede evitar que se almacenen estas cookies; sin embargo, esto puede degradar o &#8220;romper&#8221; ciertos elementos de la funcionalidad de los sitios.  <\/p>\n\n<h3 class=\"wp-block-heading\"><strong>C\u00f3mo usamos las cookies<\/strong><\/h3>\n\n<p>Usamos cookies por una variedad de razones que se detallan a continuaci\u00f3n. Desafortunadamente, en la mayor\u00eda de los casos, no existen opciones est\u00e1ndar de la industria para deshabilitar las cookies sin deshabilitar por completo la funcionalidad y las caracter\u00edsticas que agregan a este sitio. Se recomienda que deje activadas todas las cookies si no est\u00e1 seguro de si las necesita o no en caso de que se utilicen para proporcionar un servicio que utiliza.  <\/p>\n\n<h3 class=\"wp-block-heading\"><strong>Deshabilitar cookies<\/strong><\/h3>\n\n<p>Puede evitar la configuraci\u00f3n de cookies ajustando la configuraci\u00f3n de su navegador (consulte la Ayuda de su navegador para saber c\u00f3mo hacerlo). Tenga en cuenta que deshabilitar las cookies afectar\u00e1 la funcionalidad de este y muchos otros sitios web que visite. La desactivaci\u00f3n de las cookies generalmente resultar\u00e1 en la desactivaci\u00f3n tambi\u00e9n de ciertas funciones y caracter\u00edsticas del\/este sitio. Por lo tanto, se recomienda que no deshabilite las cookies. Esta Pol\u00edtica de Cookies ha sido creada con la ayuda de el <a href=\"https:\/\/www.cookiepolicygenerator.com\/cookie-policy-generator\/\">Cookies Policy Generator<\/a>.    <\/p>\n\n<h3 class=\"wp-block-heading\"><strong>Los cookies que configuramos<\/strong><\/h3>\n\n<ul class=\"wp-block-list\">\n<li>Cookies relacionadas con boletines por correo electr\u00f3nico: este sitio ofrece servicios de suscripci\u00f3n a boletines o por correo electr\u00f3nico y las cookies pueden usarse para recordar si ya est\u00e1 registrado y si mostrar ciertas notificaciones que pueden ser v\u00e1lidas solo para usuarios suscritos o no suscritos.<\/li>\n\n\n\n<li>Cookies relacionadas con formularios: cuando env\u00eda datos a trav\u00e9s de un formulario como los que se encuentran en las p\u00e1ginas de contacto o formularios de comentarios, las cookies pueden configurarse para recordar sus datos de usuario para correspondencia futura.<\/li>\n<\/ul>\n\n<h3 class=\"wp-block-heading\"><strong>Cookies de terceros<\/strong><\/h3>\n\n<p>En algunos casos especiales, tambi\u00e9n utilizamos cookies proporcionadas por terceros de confianza. La siguiente secci\u00f3n detalla qu\u00e9 cookies de terceros puede encontrar a trav\u00e9s de este sitio. <\/p>\n\n<ul class=\"wp-block-list\">\n<li>Este sitio utiliza Google Analytics, que es una de las soluciones de an\u00e1lisis m\u00e1s extendidas y confiables en la web para ayudarnos a comprender c\u00f3mo usa el sitio y las formas en que podemos mejorar su experiencia. Estas cookies pueden rastrear cosas como cu\u00e1nto tiempo pasa en el sitio y las p\u00e1ginas que visita para que podamos continuar produciendo contenido atractivo. Para obtener m\u00e1s informaci\u00f3n sobre las cookies de Google Analytics, consulte la p\u00e1gina oficial de Google Analytics. <\/li>\n\n\n\n<li>De vez en cuando probamos nuevas funciones y hacemos cambios sutiles en la forma en que se entrega el sitio. Cuando todav\u00eda estamos probando nuevas funciones, estas cookies pueden usarse para garantizar que reciba una experiencia consistente mientras est\u00e1 en el sitio y, al mismo tiempo, asegurarnos de que entendemos qu\u00e9 optimizaciones aprecian m\u00e1s nuestros usuarios. <\/li>\n\n\n\n<li>Tambi\u00e9n utilizamos botones y\/o complementos de redes sociales en este sitio que le permiten conectarse con su red social de varias maneras. Para que estos funcionen, los siguientes sitios de redes sociales incluyen; Facebook, Twitter, Pinterest y WhatsApp establecer\u00e1n cookies a trav\u00e9s de nuestro sitio que pueden usarse para mejorar su perfil en su sitio o contribuir a los datos que tienen para diversos fines descritos en sus respectivas pol\u00edticas de privacidad. <\/li>\n<\/ul>\n\n<h3 class=\"wp-block-heading\"><strong>M\u00e1s informaci\u00f3n<\/strong><\/h3>\n\n<p>Esperamos que esto le haya aclarado las cosas y, como se mencion\u00f3 anteriormente, si hay algo que no est\u00e1 seguro de si necesita o no, generalmente es m\u00e1s seguro dejar las cookies habilitadas en caso de que interact\u00fae con una de las funciones que usa en nuestro sitio.<\/p>\n\n<p>Para obtener m\u00e1s informaci\u00f3n general sobre las cookies, lea el art\u00edculo Pol\u00edtica de cookies <a href=\"https:\/\/www.cookiepolicygenerator.com\/sample-cookies-policy\/\">el art\u00edculo Pol\u00edtica de cookies<\/a>.<\/p>\n\n<p>Sin embargo, si todav\u00eda est\u00e1 buscando m\u00e1s informaci\u00f3n, puede contactarnos a trav\u00e9s de uno de nuestros m\u00e9todos de contacto preferidos:<\/p>\n\n<ul class=\"wp-block-list\">\n<li>Correo electr\u00f3nico: <a href=\"mailto:info@rally-theleague.org\">info@rally-theleague.org<\/a><\/li>\n<\/ul>\n","protected":false},"excerpt":{"rendered":"<p>Quienes somos La direcci\u00f3n de nuestro sitio web es: https:\/\/rally-theleague.org. Comentarios Cuando los visitantes dejan comentarios en el sitio, recopilamos los datos que se muestran en el formulario de comentarios, y tambi\u00e9n la direcci\u00f3n IP del visitante y la cadena del agente de usuario del navegador para ayudar a la detecci\u00f3n de spam. Se puede [&hellip;]<\/p>\n","protected":false},"author":6,"featured_media":0,"parent":0,"menu_order":0,"comment_status":"closed","ping_status":"open","template":"","meta":{"nf_dc_page":"","footnotes":""},"class_list":["post-7099","page","type-page","status-publish"],"aioseo_notices":[],"_links":{"self":[{"href":"https:\/\/rally-theleague.org\/es\/wp-json\/wp\/v2\/pages\/7099","targetHints":{"allow":["GET"]}}],"collection":[{"href":"https:\/\/rally-theleague.org\/es\/wp-json\/wp\/v2\/pages"}],"about":[{"href":"https:\/\/rally-theleague.org\/es\/wp-json\/wp\/v2\/types\/page"}],"author":[{"embeddable":true,"href":"https:\/\/rally-theleague.org\/es\/wp-json\/wp\/v2\/users\/6"}],"replies":[{"embeddable":true,"href":"https:\/\/rally-theleague.org\/es\/wp-json\/wp\/v2\/comments?post=7099"}],"version-history":[{"count":5,"href":"https:\/\/rally-theleague.org\/es\/wp-json\/wp\/v2\/pages\/7099\/revisions"}],"predecessor-version":[{"id":7106,"href":"https:\/\/rally-theleague.org\/es\/wp-json\/wp\/v2\/pages\/7099\/revisions\/7106"}],"wp:attachment":[{"href":"https:\/\/rally-theleague.org\/es\/wp-json\/wp\/v2\/media?parent=7099"}],"curies":[{"name":"wp","href":"https:\/\/api.w.org\/{rel}","templated":true}]}}